{"id":3,"date":"2021-03-19T11:44:14","date_gmt":"2021-03-19T10:44:14","guid":{"rendered":"http:\/\/les-petites-folies.fr\/?page_id=3"},"modified":"2024-11-14T15:44:33","modified_gmt":"2024-11-14T14:44:33","slug":"politique-de-confidentialite","status":"publish","type":"page","link":"https:\/\/les-petites-folies.fr\/index.php\/politique-de-confidentialite\/","title":{"rendered":"Mentions L\u00e9gales"},"content":{"rendered":"\n<h2>Qui sommes-nous&nbsp;?<\/h2>\n\n\n\n<p>L\u2019adresse de notre site Web est&nbsp;: https:\/\/les-petites-folies.fr.<\/p>\n\n\n\n<h2>D\u00e9nomination sociale<\/h2>\n\n\n\n<p>Les Petites Folies<br>Association loi de 1901<br>SIRET 890 000 771 00018<br>License du spectacle PLATESV-D-2020-005814<\/p>\n\n\n\n<h3>Si\u00e8ge social<\/h3>\n\n\n\n<p>La Compagnie \u00ab\u00a0Les Petites Folies\u00a0\u00bb<br>109 rue Lucien Lecointe &#8211; 80000 AMIENS<br>Tel : 06 80 27 57 95 <\/p>\n\n\n\n<h3>Responsable de la r\u00e9daction du site et directeur de la publication<\/h3>\n\n\n\n<p>Thibaut Accart<\/p>\n\n\n\n<h3>H\u00e9bergement<\/h3>\n\n\n\n<p>OVH<br>SAS au capital de 10 069 020 \u20ac<br>RCS Lille M\u00e9tropole 424 761 419 00045<br>Code APE 2620Z<br>N\u00b0 TVA : FR 22 424 761 419<br>Si\u00e8ge social : 2 rue Kellermann &#8211; 59100 Roubaix &#8211; France<\/p>\n\n\n\n<h3>Cr\u00e9dits<\/h3>\n\n\n\n<p>Conception du site : Gwenael Serreau &#8211; <a href=\"mailto:gwen.serreau@gmail.com\" target=\"_blank\" rel=\"noreferrer noopener\">gwen.serreau@gmail.com<\/a><\/p>\n\n\n\n<p>Photographies : Aur\u00e9lien Primot et Guilelou Photographie<\/p>\n\n\n\n<h2>Utilisation et transmission de vos donn\u00e9es personnelles<\/h2>\n\n\n\n<h2>Dur\u00e9es de stockage de vos donn\u00e9es<\/h2>\n\n\n\n<p>Si vous laissez un commentaire, le commentaire et ses m\u00e9tadonn\u00e9es sont conserv\u00e9s ind\u00e9finiment. Cela permet de reconna\u00eetre et approuver automatiquement les commentaires suivants au lieu de les laisser dans la file de mod\u00e9ration.<\/p>\n\n\n\n<p>Pour les utilisateurs et utilisatrices qui s\u2019inscrivent sur notre site (si cela est possible), nous stockons \u00e9galement les donn\u00e9es personnelles indiqu\u00e9es dans leur profil. Tous les utilisateurs et utilisatrices peuvent voir, modifier ou supprimer leurs informations personnelles \u00e0 tout moment (\u00e0 l\u2019exception de leur nom d\u2019utilisateur\u00b7ice). Les gestionnaires du site peuvent aussi voir et modifier ces informations.<\/p>\n\n\n\n<h2>Les droits que vous avez sur vos donn\u00e9es<\/h2>\n\n\n\n<p>Si vous avez un compte ou si vous avez laiss\u00e9 des commentaires sur le site, vous pouvez demander \u00e0 recevoir un fichier contenant toutes les donn\u00e9es personnelles que nous poss\u00e9dons \u00e0 votre sujet, incluant celles que vous nous avez fournies. Vous pouvez \u00e9galement demander la suppression des donn\u00e9es personnelles vous concernant. Cela ne prend pas en compte les donn\u00e9es stock\u00e9es \u00e0 des fins administratives, l\u00e9gales ou pour des raisons de s\u00e9curit\u00e9.<\/p>\n\n\n\n<h2>Transmission de vos donn\u00e9es personnelles<\/h2>\n\n\n\n<p>Les commentaires des visiteurs peuvent \u00eatre v\u00e9rifi\u00e9s \u00e0 l\u2019aide d\u2019un service automatis\u00e9 de d\u00e9tection des commentaires ind\u00e9sirables.<\/p>\n","protected":false},"excerpt":{"rendered":"<p>Qui sommes-nous&nbsp;? L\u2019adresse de notre site Web est&nbsp;: https:\/\/les-petites-folies.fr. D\u00e9nomination sociale Les Petites FoliesAssociation loi de 1901SIRET 890 000 771 00018License du spectacle PLATESV-D-2020-005814 Si\u00e8ge social La Compagnie \u00ab\u00a0Les Petites Folies\u00a0\u00bb109 rue Lucien Lecointe &#8211; 80000 AMIENSTel : 06 80 27 57 95 Responsable de la r\u00e9daction du site et directeur de la publication Thibaut&hellip;<\/p>\n","protected":false},"author":1,"featured_media":0,"parent":0,"menu_order":0,"comment_status":"closed","ping_status":"open","template":"","meta":[],"_links":{"self":[{"href":"https:\/\/les-petites-folies.fr\/index.php\/wp-json\/wp\/v2\/pages\/3"}],"collection":[{"href":"https:\/\/les-petites-folies.fr\/index.php\/wp-json\/wp\/v2\/pages"}],"about":[{"href":"https:\/\/les-petites-folies.fr\/index.php\/wp-json\/wp\/v2\/types\/page"}],"author":[{"embeddable":true,"href":"https:\/\/les-petites-folies.fr\/index.php\/wp-json\/wp\/v2\/users\/1"}],"replies":[{"embeddable":true,"href":"https:\/\/les-petites-folies.fr\/index.php\/wp-json\/wp\/v2\/comments?post=3"}],"version-history":[{"count":5,"href":"https:\/\/les-petites-folies.fr\/index.php\/wp-json\/wp\/v2\/pages\/3\/revisions"}],"predecessor-version":[{"id":1862,"href":"https:\/\/les-petites-folies.fr\/index.php\/wp-json\/wp\/v2\/pages\/3\/revisions\/1862"}],"wp:attachment":[{"href":"https:\/\/les-petites-folies.fr\/index.php\/wp-json\/wp\/v2\/media?parent=3"}],"curies":[{"name":"wp","href":"https:\/\/api.w.org\/{rel}","templated":true}]}}